{"id":2,"date":"2022-04-23T20:05:35","date_gmt":"2022-04-23T18:05:35","guid":{"rendered":"http:\/\/www.butine-asso.fr\/?page_id=2"},"modified":"2026-01-13T20:59:00","modified_gmt":"2026-01-13T19:59:00","slug":"page-d-exemple","status":"publish","type":"page","link":"https:\/\/www.butine-asso.fr\/index.php\/page-d-exemple\/","title":{"rendered":"Le rucher \u00e9cole"},"content":{"rendered":"\n<figure class=\"wp-block-image size-large\"><img loading=\"lazy\" decoding=\"async\" width=\"1024\" height=\"622\" src=\"https:\/\/www.butine-asso.fr\/wp-content\/uploads\/2022\/08\/20220826_172245-1024x622.jpg\" alt=\"\" class=\"wp-image-120\" srcset=\"https:\/\/www.butine-asso.fr\/wp-content\/uploads\/2022\/08\/20220826_172245-1024x622.jpg 1024w, https:\/\/www.butine-asso.fr\/wp-content\/uploads\/2022\/08\/20220826_172245-300x182.jpg 300w, https:\/\/www.butine-asso.fr\/wp-content\/uploads\/2022\/08\/20220826_172245-768x467.jpg 768w, https:\/\/www.butine-asso.fr\/wp-content\/uploads\/2022\/08\/20220826_172245-1536x933.jpg 1536w, https:\/\/www.butine-asso.fr\/wp-content\/uploads\/2022\/08\/20220826_172245-2048x1245.jpg 2048w\" sizes=\"auto, (max-width: 1024px) 100vw, 1024px\" \/><figcaption class=\"wp-element-caption\">Vue g\u00e9n\u00e9rale du rucher \u00e9cole<\/figcaption><\/figure>\n\n\n\n<p>Le rucher \u00e9cole est situ\u00e9 sur le territoire de la commune de Longeault-Pluvault, sur un terrain mis \u00e0 disposition par la municipalit\u00e9, terrain ins\u00e9r\u00e9 dans un espace naturel en bordure d&rsquo;\u00e9tang et de rivi\u00e8res.<\/p>\n\n\n\n<h2 class=\"wp-block-heading\">Public<\/h2>\n\n\n\n<p>Notre rucher \u00e9cole est ouvert aux apiculteurs ou futurs apiculteurs, sur candidature aupr\u00e8s du pr\u00e9sident ou en utilisant le formulaire de contact disponible sur ce site.<\/p>\n\n\n\n<h2 class=\"wp-block-heading\">Activit\u00e9s<\/h2>\n\n\n\n<ul class=\"wp-block-list\">\n<li>Initiation et perfectionnement \u00e0 l\u2019apiculture<\/li>\n\n\n\n<li>S\u00e9ances de d\u00e9monstration en individuel ou pour groupes (\u00e9coles, etc.)<\/li>\n\n\n\n<li>\u00ab&nbsp;Ruche accompagn\u00e9e&nbsp;\u00bb pour les d\u00e9butants<\/li>\n\n\n\n<li>Suivi sanitaire : approche th\u00e9orique et pratique des maladies, lutte contre le varroa<\/li>\n\n\n\n<li>Biologie de l\u2019abeille, alimentation et apports nutritionnels<\/li>\n\n\n\n<li>Elevage de reines, f\u00e9condation<\/li>\n\n\n\n<li>L\u00e9gislation et r\u00e9glementation<\/li>\n\n\n\n<li>Concours des miels de Longeault-Pluvault<\/li>\n<\/ul>\n\n\n\n<h2 class=\"wp-block-heading\">Avantages du rucher \u00e9cole<\/h2>\n\n\n\n<ul class=\"wp-block-list\">\n<li>la possibilit\u00e9 de cr\u00e9er votre propre essaim \u00e0 partir des colonies de notre rucher \u00e9cole et ainsi d\u00e9marrer avec une colonie de qualit\u00e9 connue. (pour les d\u00e9butants)<\/li>\n\n\n\n<li>la possibilit\u00e9 d&rsquo;obtenir des cellules royales pour am\u00e9liorer votre cheptel (pour les apiculteurs ayant d\u00e9j\u00e0 des colonies)<\/li>\n\n\n\n<li>la participation aux activit\u00e9s de l&rsquo;association de Butine et compagnie.<\/li>\n<\/ul>\n\n\n\n<h2 class=\"wp-block-heading\">Organisation des cours<\/h2>\n\n\n\n<p>Le rucher-\u00e9cole s\u2019organise autour de deux axes, pratique et th\u00e9orique :<\/p>\n\n\n\n<ul class=\"wp-block-list\">\n<li>des s\u00e9ances au rucher (environ 25 s\u00e9ances pratiques par an sur le rucher)<\/li>\n\n\n\n<li>des r\u00e9unions en vid\u00e9oconf\u00e9rence ( environ 26 s\u00e9ances par an)<\/li>\n<\/ul>\n\n\n\n<h2 class=\"wp-block-heading\">S&rsquo;inscrire au rucher \u00e9cole<\/h2>\n\n\n\n<figure class=\"wp-block-gallery has-nested-images columns-default is-cropped wp-block-gallery-1 is-layout-flex wp-block-gallery-is-layout-flex\">\n<figure class=\"wp-block-image size-large\"><img loading=\"lazy\" decoding=\"async\" width=\"1024\" height=\"768\" data-id=\"124\" src=\"https:\/\/www.butine-asso.fr\/wp-content\/uploads\/2022\/08\/20220826_172141-1024x768.jpg\" alt=\"\" class=\"wp-image-124\" srcset=\"https:\/\/www.butine-asso.fr\/wp-content\/uploads\/2022\/08\/20220826_172141-1024x768.jpg 1024w, https:\/\/www.butine-asso.fr\/wp-content\/uploads\/2022\/08\/20220826_172141-300x225.jpg 300w, https:\/\/www.butine-asso.fr\/wp-content\/uploads\/2022\/08\/20220826_172141-768x576.jpg 768w, https:\/\/www.butine-asso.fr\/wp-content\/uploads\/2022\/08\/20220826_172141-1536x1152.jpg 1536w, https:\/\/www.butine-asso.fr\/wp-content\/uploads\/2022\/08\/20220826_172141-2048x1536.jpg 2048w, https:\/\/www.butine-asso.fr\/wp-content\/uploads\/2022\/08\/20220826_172141-678x509.jpg 678w, https:\/\/www.butine-asso.fr\/wp-content\/uploads\/2022\/08\/20220826_172141-326x245.jpg 326w, https:\/\/www.butine-asso.fr\/wp-content\/uploads\/2022\/08\/20220826_172141-80x60.jpg 80w\" sizes=\"auto, (max-width: 1024px) 100vw, 1024px\" \/><\/figure>\n\n\n\n<figure class=\"wp-block-image size-large\"><img loading=\"lazy\" decoding=\"async\" width=\"1024\" height=\"768\" data-id=\"125\" src=\"https:\/\/www.butine-asso.fr\/wp-content\/uploads\/2022\/08\/20220826_172150-1024x768.jpg\" alt=\"\" class=\"wp-image-125\" srcset=\"https:\/\/www.butine-asso.fr\/wp-content\/uploads\/2022\/08\/20220826_172150-1024x768.jpg 1024w, https:\/\/www.butine-asso.fr\/wp-content\/uploads\/2022\/08\/20220826_172150-300x225.jpg 300w, https:\/\/www.butine-asso.fr\/wp-content\/uploads\/2022\/08\/20220826_172150-768x576.jpg 768w, https:\/\/www.butine-asso.fr\/wp-content\/uploads\/2022\/08\/20220826_172150-1536x1152.jpg 1536w, https:\/\/www.butine-asso.fr\/wp-content\/uploads\/2022\/08\/20220826_172150-2048x1536.jpg 2048w, https:\/\/www.butine-asso.fr\/wp-content\/uploads\/2022\/08\/20220826_172150-678x509.jpg 678w, https:\/\/www.butine-asso.fr\/wp-content\/uploads\/2022\/08\/20220826_172150-326x245.jpg 326w, https:\/\/www.butine-asso.fr\/wp-content\/uploads\/2022\/08\/20220826_172150-80x60.jpg 80w\" sizes=\"auto, (max-width: 1024px) 100vw, 1024px\" \/><\/figure>\n\n\n\n<figure class=\"wp-block-image size-large\"><img loading=\"lazy\" decoding=\"async\" width=\"1024\" height=\"768\" data-id=\"123\" src=\"https:\/\/www.butine-asso.fr\/wp-content\/uploads\/2022\/08\/20220826_172158-1024x768.jpg\" alt=\"\" class=\"wp-image-123\" srcset=\"https:\/\/www.butine-asso.fr\/wp-content\/uploads\/2022\/08\/20220826_172158-1024x768.jpg 1024w, https:\/\/www.butine-asso.fr\/wp-content\/uploads\/2022\/08\/20220826_172158-300x225.jpg 300w, https:\/\/www.butine-asso.fr\/wp-content\/uploads\/2022\/08\/20220826_172158-768x576.jpg 768w, https:\/\/www.butine-asso.fr\/wp-content\/uploads\/2022\/08\/20220826_172158-1536x1152.jpg 1536w, https:\/\/www.butine-asso.fr\/wp-content\/uploads\/2022\/08\/20220826_172158-2048x1536.jpg 2048w, https:\/\/www.butine-asso.fr\/wp-content\/uploads\/2022\/08\/20220826_172158-678x509.jpg 678w, https:\/\/www.butine-asso.fr\/wp-content\/uploads\/2022\/08\/20220826_172158-326x245.jpg 326w, https:\/\/www.butine-asso.fr\/wp-content\/uploads\/2022\/08\/20220826_172158-80x60.jpg 80w\" sizes=\"auto, (max-width: 1024px) 100vw, 1024px\" \/><\/figure>\n\n\n\n<figure class=\"wp-block-image size-large\"><img loading=\"lazy\" decoding=\"async\" width=\"1024\" height=\"768\" data-id=\"121\" src=\"https:\/\/www.butine-asso.fr\/wp-content\/uploads\/2022\/08\/20220826_173159-1024x768.jpg\" alt=\"\" class=\"wp-image-121\" srcset=\"https:\/\/www.butine-asso.fr\/wp-content\/uploads\/2022\/08\/20220826_173159-1024x768.jpg 1024w, https:\/\/www.butine-asso.fr\/wp-content\/uploads\/2022\/08\/20220826_173159-300x225.jpg 300w, https:\/\/www.butine-asso.fr\/wp-content\/uploads\/2022\/08\/20220826_173159-768x576.jpg 768w, https:\/\/www.butine-asso.fr\/wp-content\/uploads\/2022\/08\/20220826_173159-1536x1152.jpg 1536w, https:\/\/www.butine-asso.fr\/wp-content\/uploads\/2022\/08\/20220826_173159-2048x1536.jpg 2048w, https:\/\/www.butine-asso.fr\/wp-content\/uploads\/2022\/08\/20220826_173159-678x509.jpg 678w, https:\/\/www.butine-asso.fr\/wp-content\/uploads\/2022\/08\/20220826_173159-326x245.jpg 326w, https:\/\/www.butine-asso.fr\/wp-content\/uploads\/2022\/08\/20220826_173159-80x60.jpg 80w\" sizes=\"auto, (max-width: 1024px) 100vw, 1024px\" \/><\/figure>\n\n\n\n<figure class=\"wp-block-image size-large\"><img loading=\"lazy\" decoding=\"async\" width=\"1024\" height=\"768\" data-id=\"122\" src=\"https:\/\/www.butine-asso.fr\/wp-content\/uploads\/2022\/08\/20220826_173311-1024x768.jpg\" alt=\"\" class=\"wp-image-122\" srcset=\"https:\/\/www.butine-asso.fr\/wp-content\/uploads\/2022\/08\/20220826_173311-1024x768.jpg 1024w, https:\/\/www.butine-asso.fr\/wp-content\/uploads\/2022\/08\/20220826_173311-300x225.jpg 300w, https:\/\/www.butine-asso.fr\/wp-content\/uploads\/2022\/08\/20220826_173311-768x576.jpg 768w, https:\/\/www.butine-asso.fr\/wp-content\/uploads\/2022\/08\/20220826_173311-1536x1152.jpg 1536w, https:\/\/www.butine-asso.fr\/wp-content\/uploads\/2022\/08\/20220826_173311-2048x1536.jpg 2048w, https:\/\/www.butine-asso.fr\/wp-content\/uploads\/2022\/08\/20220826_173311-678x509.jpg 678w, https:\/\/www.butine-asso.fr\/wp-content\/uploads\/2022\/08\/20220826_173311-326x245.jpg 326w, https:\/\/www.butine-asso.fr\/wp-content\/uploads\/2022\/08\/20220826_173311-80x60.jpg 80w\" sizes=\"auto, (max-width: 1024px) 100vw, 1024px\" \/><\/figure>\n<\/figure>\n\n\n\n<iframe loading=\"lazy\" width=\"950\" height=\"750\" src=\"https:\/\/butine-asso.s2.yapla.com\/fr\/inscription-au-rucher--cole-20144\"><\/iframe>\n","protected":false},"excerpt":{"rendered":"<div class=\"mh-excerpt\"><p>Le rucher \u00e9cole est situ\u00e9 sur le territoire de la commune de Longeault-Pluvault, sur un terrain mis \u00e0 disposition par la municipalit\u00e9, terrain ins\u00e9r\u00e9 dans <a class=\"mh-excerpt-more\" href=\"https:\/\/www.butine-asso.fr\/index.php\/page-d-exemple\/\" title=\"Le rucher \u00e9cole\">[&#8230;]<\/a><\/p>\n<\/div>","protected":false},"author":1,"featured_media":0,"parent":0,"menu_order":0,"comment_status":"closed","ping_status":"open","template":"","meta":{"footnotes":""},"class_list":["post-2","page","type-page","status-publish","hentry"],"_links":{"self":[{"href":"https:\/\/www.butine-asso.fr\/index.php\/wp-json\/wp\/v2\/pages\/2","targetHints":{"allow":["GET"]}}],"collection":[{"href":"https:\/\/www.butine-asso.fr\/index.php\/wp-json\/wp\/v2\/pages"}],"about":[{"href":"https:\/\/www.butine-asso.fr\/index.php\/wp-json\/wp\/v2\/types\/page"}],"author":[{"embeddable":true,"href":"https:\/\/www.butine-asso.fr\/index.php\/wp-json\/wp\/v2\/users\/1"}],"replies":[{"embeddable":true,"href":"https:\/\/www.butine-asso.fr\/index.php\/wp-json\/wp\/v2\/comments?post=2"}],"version-history":[{"count":5,"href":"https:\/\/www.butine-asso.fr\/index.php\/wp-json\/wp\/v2\/pages\/2\/revisions"}],"predecessor-version":[{"id":599,"href":"https:\/\/www.butine-asso.fr\/index.php\/wp-json\/wp\/v2\/pages\/2\/revisions\/599"}],"wp:attachment":[{"href":"https:\/\/www.butine-asso.fr\/index.php\/wp-json\/wp\/v2\/media?parent=2"}],"curies":[{"name":"wp","href":"https:\/\/api.w.org\/{rel}","templated":true}]}}