{"id":202,"date":"2022-11-08T11:44:44","date_gmt":"2022-11-08T10:44:44","guid":{"rendered":"http:\/\/www.butine-asso.fr\/?page_id=202"},"modified":"2024-07-31T17:55:10","modified_gmt":"2024-07-31T15:55:10","slug":"faire-un-don","status":"publish","type":"page","link":"https:\/\/www.butine-asso.fr\/index.php\/faire-un-don\/","title":{"rendered":"Faire un don"},"content":{"rendered":"\n<figure class=\"wp-block-image size-large\"><img loading=\"lazy\" decoding=\"async\" width=\"1024\" height=\"346\" src=\"http:\/\/www.butine-asso.fr\/wp-content\/uploads\/2022\/11\/Untitled-14.8-\u00d7-5-cm-1024x346.png\" alt=\"\" class=\"wp-image-204\" srcset=\"https:\/\/www.butine-asso.fr\/wp-content\/uploads\/2022\/11\/Untitled-14.8-\u00d7-5-cm-1024x346.png 1024w, https:\/\/www.butine-asso.fr\/wp-content\/uploads\/2022\/11\/Untitled-14.8-\u00d7-5-cm-300x101.png 300w, https:\/\/www.butine-asso.fr\/wp-content\/uploads\/2022\/11\/Untitled-14.8-\u00d7-5-cm-768x260.png 768w, https:\/\/www.butine-asso.fr\/wp-content\/uploads\/2022\/11\/Untitled-14.8-\u00d7-5-cm-1536x519.png 1536w, https:\/\/www.butine-asso.fr\/wp-content\/uploads\/2022\/11\/Untitled-14.8-\u00d7-5-cm.png 1748w\" sizes=\"auto, (max-width: 1024px) 100vw, 1024px\" \/><\/figure>\n\n\n\n<p>Faire un don \u00e0&nbsp;<strong>Butine et compagnie<\/strong>, c&rsquo;est nous aider \u00e0 prendre soin des abeilles dans un environnement prot\u00e9g\u00e9 et propice aux pollinisateurs et \u00e0 g\u00e9rer les ressources en nectar et en pollen. C&rsquo;est aussi nous aider \u00e0&nbsp;<strong>former les nouveaux apiculteurs<\/strong>&nbsp;\u00e0 une apiculture naturelle et responsable.<\/p>\n\n\n\n<p>Vos dons nous servent \u00e9galement \u00e0 financer nos&nbsp;<strong>actions de sensibilisation du public<\/strong>, des sessions&nbsp;<strong>aupr\u00e8s des enfants dans les \u00e9coles<\/strong>, la&nbsp;<strong>distribution de graines de plantes mellif\u00e8res&nbsp;<\/strong>pour que les enfants les s\u00e8ment et puissent observer les pollinisateurs dans leurs jardins.<\/p>\n\n\n\n<p>Ils financent \u00e9galement nos&nbsp;<strong>actions de contre-lobbying<\/strong>, le support d&rsquo;<strong>actions de pr\u00e9servation de l&rsquo;environnement<\/strong>, le&nbsp;<strong>d\u00e9veloppement du tissu \u00e9conomique apicole<\/strong>&nbsp;et pour favoriser les&nbsp;<strong>circuits courts<\/strong>.<\/p>\n\n\n\n<p>Sachez que votre don vous permet \u00e9galement de b\u00e9n\u00e9ficier d\u2019une d\u00e9duction fiscale.<\/p>\n\n\n\n<p><em>* 66% pour les particuliers, 60% pour les entreprises.<\/em><\/p>\n\n\n\n<figure class=\"wp-block-image\"><img decoding=\"async\" src=\"https:\/\/www.helloasso.com\/assets\/img\/uploads\/actions_1667903248467-e4ebc55dc7134cf586b6511d077d28d2.jpg\" alt=\"\"\/><\/figure>\n\n\n","protected":false},"excerpt":{"rendered":"<div class=\"mh-excerpt\"><p>Faire un don \u00e0&nbsp;Butine et compagnie, c&rsquo;est nous aider \u00e0 prendre soin des abeilles dans un environnement prot\u00e9g\u00e9 et propice aux pollinisateurs et \u00e0 g\u00e9rer <a class=\"mh-excerpt-more\" href=\"https:\/\/www.butine-asso.fr\/index.php\/faire-un-don\/\" title=\"Faire un don\">[&#8230;]<\/a><\/p>\n<\/div>","protected":false},"author":1,"featured_media":0,"parent":0,"menu_order":0,"comment_status":"closed","ping_status":"closed","template":"","meta":{"footnotes":""},"class_list":["post-202","page","type-page","status-publish","hentry"],"_links":{"self":[{"href":"https:\/\/www.butine-asso.fr\/index.php\/wp-json\/wp\/v2\/pages\/202","targetHints":{"allow":["GET"]}}],"collection":[{"href":"https:\/\/www.butine-asso.fr\/index.php\/wp-json\/wp\/v2\/pages"}],"about":[{"href":"https:\/\/www.butine-asso.fr\/index.php\/wp-json\/wp\/v2\/types\/page"}],"author":[{"embeddable":true,"href":"https:\/\/www.butine-asso.fr\/index.php\/wp-json\/wp\/v2\/users\/1"}],"replies":[{"embeddable":true,"href":"https:\/\/www.butine-asso.fr\/index.php\/wp-json\/wp\/v2\/comments?post=202"}],"version-history":[{"count":6,"href":"https:\/\/www.butine-asso.fr\/index.php\/wp-json\/wp\/v2\/pages\/202\/revisions"}],"predecessor-version":[{"id":485,"href":"https:\/\/www.butine-asso.fr\/index.php\/wp-json\/wp\/v2\/pages\/202\/revisions\/485"}],"wp:attachment":[{"href":"https:\/\/www.butine-asso.fr\/index.php\/wp-json\/wp\/v2\/media?parent=202"}],"curies":[{"name":"wp","href":"https:\/\/api.w.org\/{rel}","templated":true}]}}