{"id":32,"date":"2022-04-23T21:50:53","date_gmt":"2022-04-23T19:50:53","guid":{"rendered":"https:\/\/www.butine-asso.fr\/?page_id=32"},"modified":"2022-11-09T19:31:21","modified_gmt":"2022-11-09T18:31:21","slug":"demarche-eco-responsable","status":"publish","type":"page","link":"https:\/\/www.butine-asso.fr\/index.php\/demarche-eco-responsable\/","title":{"rendered":"Une d\u00e9marche \u00e9co-responsable"},"content":{"rendered":"\n<p>Les insectes repr\u00e9sentent actuellement les trois quarts des esp\u00e8ces animales existant dans le monde alors que l&rsquo;on en a d\u00e9couvert seulement moins d&rsquo;un dixi\u00e8me. Malgr\u00e9 le r\u00f4le essentiel qu&rsquo;ils tiennent dans les \u00e9cosyst\u00e8mes et la formidable diversit\u00e9 g\u00e9n\u00e9tique qu&rsquo;ils repr\u00e9sentent, ils ne sont que tr\u00e8s rarement pris en compte dans les projets de d\u00e9veloppement. De nombreuses esp\u00e8ces sont en danger, un certain nombre d&rsquo;entre elles sont prot\u00e9g\u00e9es.<\/p>\n\n\n\n<p>La protection de la biodiversit\u00e9 est indissociable de la conservation de l&rsquo;entomofaune. Les projets tels que ceux mis en place par l\u2019association Butine &amp; Cie visent \u00e0 sensibiliser les populations sur la protection de la biodiversit\u00e9, richesse patrimoniale et moteur \u00e9conomique, menac\u00e9e par la surexploitation, la destruction et la fragmentation des habitats, l&rsquo;introduction d&rsquo;esp\u00e8ces envahissantes, et les pollutions.<\/p>\n\n\n\n<h2 class=\"wp-block-heading\">Nos missions<\/h2>\n\n\n\n<figure class=\"wp-block-gallery has-nested-images columns-2 wp-block-gallery-1 is-layout-flex wp-block-gallery-is-layout-flex\">\n<figure class=\"wp-block-image size-thumbnail is-style-rounded\"><img loading=\"lazy\" decoding=\"async\" width=\"150\" height=\"150\" data-id=\"66\" src=\"https:\/\/www.butine-asso.fr\/wp-content\/uploads\/2022\/04\/Picture1-150x150.png\" alt=\"\" class=\"wp-image-66\"\/><figcaption class=\"wp-element-caption\"><strong>Sensibiliser <\/strong>\u00e0 l\u2019importance de la preservation de la biodiversit\u00e9 et prot\u00e9ger notre environnement<\/figcaption><\/figure>\n\n\n\n<figure class=\"wp-block-image size-thumbnail is-style-rounded\"><img loading=\"lazy\" decoding=\"async\" width=\"150\" height=\"150\" data-id=\"67\" src=\"https:\/\/www.butine-asso.fr\/wp-content\/uploads\/2022\/04\/Picture2-150x150.png\" alt=\"\" class=\"wp-image-67\"\/><figcaption class=\"wp-element-caption\"><strong>Sauvegarder <\/strong>les abeilles et les pollinisateurs, pr\u00e9server les habitats, former les apiculteurs \u00e0 une apiculture naturelle et responsable<br>&nbsp;<\/figcaption><\/figure>\n\n\n\n<figure class=\"wp-block-image size-thumbnail is-style-rounded\"><img loading=\"lazy\" decoding=\"async\" width=\"150\" height=\"150\" data-id=\"64\" src=\"https:\/\/www.butine-asso.fr\/wp-content\/uploads\/2022\/04\/Picture3-150x150.png\" alt=\"\" class=\"wp-image-64\"\/><figcaption class=\"wp-element-caption\"><strong>D\u00e9velopper <\/strong>les d\u00e9marches RSE\/RSO, sensibiliser le public aux d\u00e9marches environnementales<br>&nbsp;<\/figcaption><\/figure>\n\n\n\n<figure class=\"wp-block-image size-thumbnail is-style-rounded\"><img loading=\"lazy\" decoding=\"async\" width=\"150\" height=\"150\" data-id=\"65\" src=\"https:\/\/www.butine-asso.fr\/wp-content\/uploads\/2022\/04\/Picture4-150x150.png\" alt=\"\" class=\"wp-image-65\"\/><figcaption class=\"wp-element-caption\"><strong>Soutenir <\/strong>la fili\u00e8re apicole durable, d\u00e9guster le miel de la r\u00e9gion et favoriser une d\u00e9marche de circuits courts.<br>&nbsp;<\/figcaption><\/figure>\n<\/figure>\n\n\n\n<p>Vous avez un projet qui vous tient \u00e0 c\u0153ur ? Vous souhaitez aller plus loin en int\u00e9grant vos \u00e9quipes dans un projet RSE\/RSO ? Vous recherchez un projet qui a du sens, pour f\u00e9d\u00e9rer vos \u00e9quipes et cr\u00e9er du lien ? Contactez-nous, nous discuterons de votre projet et vous expliquerons comment nous pouvons vous aider.<\/p>\n\n\n\n<div class=\"wp-block-contact-form-7-contact-form-selector\">\n<div class=\"wpcf7 no-js\" id=\"wpcf7-f34-o1\" lang=\"fr-FR\" dir=\"ltr\" data-wpcf7-id=\"34\">\n<div class=\"screen-reader-response\"><p role=\"status\" aria-live=\"polite\" aria-atomic=\"true\"><\/p> <ul><\/ul><\/div>\n<form action=\"\/index.php\/wp-json\/wp\/v2\/pages\/32#wpcf7-f34-o1\" method=\"post\" class=\"wpcf7-form init\" aria-label=\"Formulaire de contact\" novalidate=\"novalidate\" data-status=\"init\">\n<fieldset class=\"hidden-fields-container\"><input type=\"hidden\" name=\"_wpcf7\" value=\"34\" \/><input type=\"hidden\" name=\"_wpcf7_version\" value=\"6.1.5\" \/><input type=\"hidden\" name=\"_wpcf7_locale\" value=\"fr_FR\" \/><input type=\"hidden\" name=\"_wpcf7_unit_tag\" value=\"wpcf7-f34-o1\" \/><input type=\"hidden\" name=\"_wpcf7_container_post\" value=\"0\" \/><input type=\"hidden\" name=\"_wpcf7_posted_data_hash\" value=\"\" \/>\n<\/fieldset>\n<p><label> Votre nom<br \/>\n<span class=\"wpcf7-form-control-wrap\" data-name=\"your-name\"><input size=\"40\" maxlength=\"400\" class=\"wpcf7-form-control wpcf7-text wpcf7-validates-as-required\" aria-required=\"true\" aria-invalid=\"false\" value=\"\" type=\"text\" name=\"your-name\" \/><\/span> <\/label>\n<\/p>\n<p><label> Votre e-mail<br \/>\n<span class=\"wpcf7-form-control-wrap\" data-name=\"your-email\"><input size=\"40\" maxlength=\"400\" class=\"wpcf7-form-control wpcf7-email wpcf7-validates-as-required wpcf7-text wpcf7-validates-as-email\" aria-required=\"true\" aria-invalid=\"false\" value=\"\" type=\"email\" name=\"your-email\" \/><\/span> <\/label>\n<\/p>\n<p><label> Objet<br \/>\n<span class=\"wpcf7-form-control-wrap\" data-name=\"your-subject\"><input size=\"40\" maxlength=\"400\" class=\"wpcf7-form-control wpcf7-text wpcf7-validates-as-required\" aria-required=\"true\" aria-invalid=\"false\" value=\"\" type=\"text\" name=\"your-subject\" \/><\/span> <\/label>\n<\/p>\n<p><label> Votre message (facultatif)<br \/>\n<span class=\"wpcf7-form-control-wrap\" data-name=\"your-message\"><textarea cols=\"40\" rows=\"10\" maxlength=\"2000\" class=\"wpcf7-form-control wpcf7-textarea\" aria-invalid=\"false\" name=\"your-message\"><\/textarea><\/span> <\/label>\n<\/p>\n<p><input class=\"wpcf7-form-control wpcf7-submit has-spinner\" type=\"submit\" value=\"Envoyer\" \/>\n<\/p><p style=\"display: none !important;\" class=\"akismet-fields-container\" data-prefix=\"_wpcf7_ak_\"><label>&#916;<textarea name=\"_wpcf7_ak_hp_textarea\" cols=\"45\" rows=\"8\" maxlength=\"100\"><\/textarea><\/label><input type=\"hidden\" id=\"ak_js_1\" name=\"_wpcf7_ak_js\" value=\"91\"\/><script type=\"text\/javascript\">\n\/* <![CDATA[ *\/\ndocument.getElementById( \"ak_js_1\" ).setAttribute( \"value\", ( new Date() ).getTime() );\n\/* ]]> *\/\n<\/script>\n<\/p><div class=\"wpcf7-response-output\" aria-hidden=\"true\"><\/div>\n<\/form>\n<\/div>\n<\/div>\n","protected":false},"excerpt":{"rendered":"<div class=\"mh-excerpt\"><p>Les insectes repr\u00e9sentent actuellement les trois quarts des esp\u00e8ces animales existant dans le monde alors que l&rsquo;on en a d\u00e9couvert seulement moins d&rsquo;un dixi\u00e8me. Malgr\u00e9 <a class=\"mh-excerpt-more\" href=\"https:\/\/www.butine-asso.fr\/index.php\/demarche-eco-responsable\/\" title=\"Une d\u00e9marche \u00e9co-responsable\">[&#8230;]<\/a><\/p>\n<\/div>","protected":false},"author":1,"featured_media":6,"parent":0,"menu_order":0,"comment_status":"closed","ping_status":"closed","template":"","meta":{"footnotes":""},"class_list":["post-32","page","type-page","status-publish","has-post-thumbnail","hentry"],"_links":{"self":[{"href":"https:\/\/www.butine-asso.fr\/index.php\/wp-json\/wp\/v2\/pages\/32","targetHints":{"allow":["GET"]}}],"collection":[{"href":"https:\/\/www.butine-asso.fr\/index.php\/wp-json\/wp\/v2\/pages"}],"about":[{"href":"https:\/\/www.butine-asso.fr\/index.php\/wp-json\/wp\/v2\/types\/page"}],"author":[{"embeddable":true,"href":"https:\/\/www.butine-asso.fr\/index.php\/wp-json\/wp\/v2\/users\/1"}],"replies":[{"embeddable":true,"href":"https:\/\/www.butine-asso.fr\/index.php\/wp-json\/wp\/v2\/comments?post=32"}],"version-history":[{"count":12,"href":"https:\/\/www.butine-asso.fr\/index.php\/wp-json\/wp\/v2\/pages\/32\/revisions"}],"predecessor-version":[{"id":213,"href":"https:\/\/www.butine-asso.fr\/index.php\/wp-json\/wp\/v2\/pages\/32\/revisions\/213"}],"wp:featuredmedia":[{"embeddable":true,"href":"https:\/\/www.butine-asso.fr\/index.php\/wp-json\/wp\/v2\/media\/6"}],"wp:attachment":[{"href":"https:\/\/www.butine-asso.fr\/index.php\/wp-json\/wp\/v2\/media?parent=32"}],"curies":[{"name":"wp","href":"https:\/\/api.w.org\/{rel}","templated":true}]}}