{"id":337,"date":"2022-05-05T15:21:00","date_gmt":"2022-05-05T13:21:00","guid":{"rendered":"https:\/\/www.butine-asso.fr\/?page_id=337"},"modified":"2023-05-05T15:30:42","modified_gmt":"2023-05-05T13:30:42","slug":"reines","status":"publish","type":"page","link":"https:\/\/www.butine-asso.fr\/index.php\/reines\/","title":{"rendered":"Reines"},"content":{"rendered":"\n<figure class=\"wp-block-image size-large\"><img loading=\"lazy\" decoding=\"async\" width=\"1024\" height=\"966\" src=\"http:\/\/www.butine-asso.fr\/wp-content\/uploads\/2023\/05\/20220526_152905-scaled-e1683293306987-1024x966.jpg\" alt=\"\" class=\"wp-image-338\" srcset=\"https:\/\/www.butine-asso.fr\/wp-content\/uploads\/2023\/05\/20220526_152905-scaled-e1683293306987-1024x966.jpg 1024w, https:\/\/www.butine-asso.fr\/wp-content\/uploads\/2023\/05\/20220526_152905-scaled-e1683293306987-300x283.jpg 300w, https:\/\/www.butine-asso.fr\/wp-content\/uploads\/2023\/05\/20220526_152905-scaled-e1683293306987-768x725.jpg 768w, https:\/\/www.butine-asso.fr\/wp-content\/uploads\/2023\/05\/20220526_152905-scaled-e1683293306987.jpg 1478w\" sizes=\"auto, (max-width: 1024px) 100vw, 1024px\" \/><\/figure>\n\n\n\n<p>Nous \u00e9levons des reines \u00e0 partir de souches Buckfast F0 achet\u00e9es chez des s\u00e9lectionneurs r\u00e9put\u00e9s. Nos crit\u00e8res sont l&rsquo;hygi\u00e9nisme, la douceur et la tenue au cadre (indispensable en rucher \u00e9cole) et la capacit\u00e9 \u00e0 g\u00e9rer la croissance de la colonie en relation avec les ressources disponibles.<\/p>\n\n\n\n<p>Les reines sont disponibles pour nos adh\u00e9rents et nos \u00e9l\u00e8ves du rucher \u00e9cole. Nous vendons \u00e9galement le surplus de production aux apiculteurs de la r\u00e9gion. Si vous \u00eates int\u00e9ress\u00e9s, merci de bien vouloir contacter notre association via le formulaire disponible sur la page \u00ab\u00a0Association\u00a0\u00bb (onglet Association dans le menu ci-dessus).<\/p>\n","protected":false},"excerpt":{"rendered":"<div class=\"mh-excerpt\"><p>Nous \u00e9levons des reines \u00e0 partir de souches Buckfast F0 achet\u00e9es chez des s\u00e9lectionneurs r\u00e9put\u00e9s. Nos crit\u00e8res sont l&rsquo;hygi\u00e9nisme, la douceur et la tenue au <a class=\"mh-excerpt-more\" href=\"https:\/\/www.butine-asso.fr\/index.php\/reines\/\" title=\"Reines\">[&#8230;]<\/a><\/p>\n<\/div>","protected":false},"author":1,"featured_media":338,"parent":0,"menu_order":0,"comment_status":"closed","ping_status":"closed","template":"","meta":{"footnotes":""},"class_list":["post-337","page","type-page","status-publish","has-post-thumbnail","hentry"],"_links":{"self":[{"href":"https:\/\/www.butine-asso.fr\/index.php\/wp-json\/wp\/v2\/pages\/337","targetHints":{"allow":["GET"]}}],"collection":[{"href":"https:\/\/www.butine-asso.fr\/index.php\/wp-json\/wp\/v2\/pages"}],"about":[{"href":"https:\/\/www.butine-asso.fr\/index.php\/wp-json\/wp\/v2\/types\/page"}],"author":[{"embeddable":true,"href":"https:\/\/www.butine-asso.fr\/index.php\/wp-json\/wp\/v2\/users\/1"}],"replies":[{"embeddable":true,"href":"https:\/\/www.butine-asso.fr\/index.php\/wp-json\/wp\/v2\/comments?post=337"}],"version-history":[{"count":2,"href":"https:\/\/www.butine-asso.fr\/index.php\/wp-json\/wp\/v2\/pages\/337\/revisions"}],"predecessor-version":[{"id":341,"href":"https:\/\/www.butine-asso.fr\/index.php\/wp-json\/wp\/v2\/pages\/337\/revisions\/341"}],"wp:featuredmedia":[{"embeddable":true,"href":"https:\/\/www.butine-asso.fr\/index.php\/wp-json\/wp\/v2\/media\/338"}],"wp:attachment":[{"href":"https:\/\/www.butine-asso.fr\/index.php\/wp-json\/wp\/v2\/media?parent=337"}],"curies":[{"name":"wp","href":"https:\/\/api.w.org\/{rel}","templated":true}]}}