{"id":36,"date":"2022-04-23T22:40:08","date_gmt":"2022-04-23T20:40:08","guid":{"rendered":"https:\/\/www.butine-asso.fr\/?page_id=36"},"modified":"2022-09-04T21:35:25","modified_gmt":"2022-09-04T19:35:25","slug":"lassociation","status":"publish","type":"page","link":"https:\/\/www.butine-asso.fr\/index.php\/lassociation\/","title":{"rendered":"L&rsquo;association"},"content":{"rendered":"\n<p>Butine et compagnie est une association r\u00e9gie par la loi du 1er juillet 1901 et le d\u00e9cret du 16 ao\u00fbt de la m\u00eame ann\u00e9e. Elle a son si\u00e8ge \u00e0 la Mairie de Longeault-Pluvault, 5 route de la 1\u00e8re Arm\u00e9e \u00e0 Longeault-Pluvault (21110). Pour toute demande, y compris dans le cadre de la R\u00e9glementation G\u00e9n\u00e9rale de Protection des Donn\u00e9es \u00e0 caract\u00e8re personnel (RGPD), merci de vous adresser au si\u00e8ge social ou via le formulaire ci-dessous.<\/p>\n\n\n\n<p>Notre association s&rsquo;adresse \u00e0 tous les personnes et entit\u00e9s morales consid\u00e9rant la protection de l&rsquo;environnement et de la biodiversit\u00e9 comme primordiale, aux amis des abeilles et amateurs des produits de la ruche.<\/p>\n\n\n\n<p>L&rsquo;association d\u00e9fint ses actions pour atteindre trois objectifs :<\/p>\n\n\n\n<ul class=\"wp-block-list\"><li>la sensibilisation du public \u00e0 la protection de la biodiversit\u00e9. Les actions passent par l&rsquo;organisation ou la participation \u00e0 des \u00e9v\u00e8nements (Journ\u00e9e internationale de l&rsquo;abeille, pr\u00e9sence dans des salons, interventions en milieu scolaire ou p\u00e9riscolaire, etc.)<\/li><li>L&rsquo;accompagnement des entreprises et des collectivit\u00e9s dans leur d\u00e9marche d&rsquo;\u00e9coresponsabilit\u00e9 (aide \u00e0 la d\u00e9finition de la strat\u00e9gie, mise en place du plan d&rsquo;action, mobilisation des acteurs).<\/li><li>la formation des apiculteurs aux techniques d&rsquo;apiculture avanc\u00e9es (\u00e9levage de reines, biologie de l&rsquo;abeille et ses agresseurs, nutrition glucidique et prot\u00e9ique, etc.)<\/li><\/ul>\n\n\n\n<p>Nos membres sont en priorit\u00e9 des apiculteurs (d\u00e9clar\u00e9s comme tel aupr\u00e8s de l&rsquo;administration) qui ont d\u00e9montr\u00e9 leur motivation pour faire progresser leurs comp\u00e9tences techniques dans une ambiance conviviale. A ceux-ci, s&rsquo;ajoute dans le cadre de nos d\u00e9marches de formation de notre rucher \u00e9cole, \u00ab\u00a0la ruche accompagn\u00e9e\u00a0\u00bb, de futurs apiculteurs, qui souhaitent acqu\u00e9rir une formation de base en apiculture. <\/p>\n\n\n\n<p>Vous avez envie d&rsquo;en savoir plus ? Contactez-nous gr\u00e2ce au formulaire ci-dessous :<\/p>\n\n\n\n<div class=\"wp-block-contact-form-7-contact-form-selector\">\n<div class=\"wpcf7 no-js\" id=\"wpcf7-f34-o1\" lang=\"fr-FR\" dir=\"ltr\" data-wpcf7-id=\"34\">\n<div class=\"screen-reader-response\"><p role=\"status\" aria-live=\"polite\" aria-atomic=\"true\"><\/p> <ul><\/ul><\/div>\n<form action=\"\/index.php\/wp-json\/wp\/v2\/pages\/36#wpcf7-f34-o1\" method=\"post\" class=\"wpcf7-form init\" aria-label=\"Formulaire de contact\" novalidate=\"novalidate\" data-status=\"init\">\n<fieldset class=\"hidden-fields-container\"><input type=\"hidden\" name=\"_wpcf7\" value=\"34\" \/><input type=\"hidden\" name=\"_wpcf7_version\" value=\"6.1.5\" \/><input type=\"hidden\" name=\"_wpcf7_locale\" value=\"fr_FR\" \/><input type=\"hidden\" name=\"_wpcf7_unit_tag\" value=\"wpcf7-f34-o1\" \/><input type=\"hidden\" name=\"_wpcf7_container_post\" value=\"0\" \/><input type=\"hidden\" name=\"_wpcf7_posted_data_hash\" value=\"\" \/>\n<\/fieldset>\n<p><label> Votre nom<br \/>\n<span class=\"wpcf7-form-control-wrap\" data-name=\"your-name\"><input size=\"40\" maxlength=\"400\" class=\"wpcf7-form-control wpcf7-text wpcf7-validates-as-required\" aria-required=\"true\" aria-invalid=\"false\" value=\"\" type=\"text\" name=\"your-name\" \/><\/span> <\/label>\n<\/p>\n<p><label> Votre e-mail<br \/>\n<span class=\"wpcf7-form-control-wrap\" data-name=\"your-email\"><input size=\"40\" maxlength=\"400\" class=\"wpcf7-form-control wpcf7-email wpcf7-validates-as-required wpcf7-text wpcf7-validates-as-email\" aria-required=\"true\" aria-invalid=\"false\" value=\"\" type=\"email\" name=\"your-email\" \/><\/span> <\/label>\n<\/p>\n<p><label> Objet<br \/>\n<span class=\"wpcf7-form-control-wrap\" data-name=\"your-subject\"><input size=\"40\" maxlength=\"400\" class=\"wpcf7-form-control wpcf7-text wpcf7-validates-as-required\" aria-required=\"true\" aria-invalid=\"false\" value=\"\" type=\"text\" name=\"your-subject\" \/><\/span> <\/label>\n<\/p>\n<p><label> Votre message (facultatif)<br \/>\n<span class=\"wpcf7-form-control-wrap\" data-name=\"your-message\"><textarea cols=\"40\" rows=\"10\" maxlength=\"2000\" class=\"wpcf7-form-control wpcf7-textarea\" aria-invalid=\"false\" name=\"your-message\"><\/textarea><\/span> <\/label>\n<\/p>\n<p><input class=\"wpcf7-form-control wpcf7-submit has-spinner\" type=\"submit\" value=\"Envoyer\" \/>\n<\/p><p style=\"display: none !important;\" class=\"akismet-fields-container\" data-prefix=\"_wpcf7_ak_\"><label>&#916;<textarea name=\"_wpcf7_ak_hp_textarea\" cols=\"45\" rows=\"8\" maxlength=\"100\"><\/textarea><\/label><input type=\"hidden\" id=\"ak_js_1\" name=\"_wpcf7_ak_js\" value=\"50\"\/><script>document.getElementById( \"ak_js_1\" ).setAttribute( \"value\", ( new Date() ).getTime() );<\/script><\/p><div class=\"wpcf7-response-output\" aria-hidden=\"true\"><\/div>\n<\/form>\n<\/div>\n<\/div>\n","protected":false},"excerpt":{"rendered":"<div class=\"mh-excerpt\"><p>Butine et compagnie est une association r\u00e9gie par la loi du 1er juillet 1901 et le d\u00e9cret du 16 ao\u00fbt de la m\u00eame ann\u00e9e. Elle <a class=\"mh-excerpt-more\" href=\"https:\/\/www.butine-asso.fr\/index.php\/lassociation\/\" title=\"L&rsquo;association\">[&#8230;]<\/a><\/p>\n<\/div>","protected":false},"author":1,"featured_media":6,"parent":0,"menu_order":0,"comment_status":"closed","ping_status":"closed","template":"","meta":{"footnotes":""},"class_list":["post-36","page","type-page","status-publish","has-post-thumbnail","hentry"],"_links":{"self":[{"href":"https:\/\/www.butine-asso.fr\/index.php\/wp-json\/wp\/v2\/pages\/36","targetHints":{"allow":["GET"]}}],"collection":[{"href":"https:\/\/www.butine-asso.fr\/index.php\/wp-json\/wp\/v2\/pages"}],"about":[{"href":"https:\/\/www.butine-asso.fr\/index.php\/wp-json\/wp\/v2\/types\/page"}],"author":[{"embeddable":true,"href":"https:\/\/www.butine-asso.fr\/index.php\/wp-json\/wp\/v2\/users\/1"}],"replies":[{"embeddable":true,"href":"https:\/\/www.butine-asso.fr\/index.php\/wp-json\/wp\/v2\/comments?post=36"}],"version-history":[{"count":11,"href":"https:\/\/www.butine-asso.fr\/index.php\/wp-json\/wp\/v2\/pages\/36\/revisions"}],"predecessor-version":[{"id":161,"href":"https:\/\/www.butine-asso.fr\/index.php\/wp-json\/wp\/v2\/pages\/36\/revisions\/161"}],"wp:featuredmedia":[{"embeddable":true,"href":"https:\/\/www.butine-asso.fr\/index.php\/wp-json\/wp\/v2\/media\/6"}],"wp:attachment":[{"href":"https:\/\/www.butine-asso.fr\/index.php\/wp-json\/wp\/v2\/media?parent=36"}],"curies":[{"name":"wp","href":"https:\/\/api.w.org\/{rel}","templated":true}]}}